{"id":641,"date":"2024-08-21T09:09:00","date_gmt":"2024-08-21T07:09:00","guid":{"rendered":"https:\/\/tahkoluoto-offshore.fi\/ota-yhteytta\/"},"modified":"2025-06-10T12:11:03","modified_gmt":"2025-06-10T10:11:03","slug":"contact","status":"publish","type":"page","link":"https:\/\/tahkoluoto-offshore.fi\/en\/contact\/","title":{"rendered":"Contact"},"content":{"rendered":"\n\n<style>\n                            @media screen and (min-width: 1px) and (max-width: 9999px) {\n            .Hero-1328174801 {\n                background-image: url('https:\/\/arenso.fi\/app\/uploads\/sites\/3\/2024\/08\/Yhteystiedot.jpg');\n            }\n        }\n            \n            @media screen and (max-width: 767.1px) {\n        .Hero-1328174801 {\n            height: 230px !important;\n        }\n    }\n    \n                .Hero-1328174801 {\n            height: 350px;\n        }\n    \n<\/style>\n\n<section class=\"mb-8\" >\n    <div class=\"\n        Hero\n        Hero-1328174801\n        full-width\n        z-10\n        relative bg-cover\n        bg-center inset-x-2\/4\n        flex justify-center items-center\n    \">\n            <h1 class=\"text-white font-bold text-center h2 md:h1 text-balance\"><\/h1>\n        <\/div>\n    <\/section>\n\n\n\n<div style=\"height:20px\" aria-hidden=\"true\" class=\"wp-block-spacer\"><\/div>\n\n\n\n<h2 class=\"wp-block-heading\">Tahkoluoto Offshore Oy<\/h2>\n\n\n\n<p>PL 305, 28601 Pori<br>Visiting address Lautantekij\u00e4ntie 60, 28880 Pori<br>Switchboard: +358 10&nbsp;525 1860<br>Our e-mail addresses are in the format:<br>firstname.lastname@arenso.fi<\/p>\n\n\n\n<div style=\"height:20px\" aria-hidden=\"true\" class=\"wp-block-spacer\"><\/div>\n\n\n\n<div  class=\"lg:mx-16 wrapmb-8\">\n    <div>\n                    <div class=\"my-4\">\n                <div class=\"AccordionTrigger bg-tahkoluoto py-8 px-16 text-white flex justify-between hover:cursor-pointer\">\n                    <h3>Invoicing information<\/h3>\n                    <div>\n                        <svg xmlns=\"http:\/\/www.w3.org\/2000\/svg\" fill=\"none\" viewBox=\"0 0 24 24\" stroke-width=\"1.5\" stroke=\"currentColor\" class=\"w-6 h-6\">\n  <path stroke-linecap=\"round\" stroke-linejoin=\"round\" d=\"M19.5 8.25l-7.5 7.5-7.5-7.5\" \/>\n<\/svg>\n\n                    <\/div>\n                <\/div>\n                <div class=\"AccordionContent hidden px-12 py-8\">\n                    <div class=\" \">\n                        <p>We kindly ask you to send your invoices as e-invoice as we process all incoming purchase invoices electronically.<\/p>\n<h2><span data-ccp-props=\"{&quot;201341983&quot;:0,&quot;335559739&quot;:160,&quot;335559740&quot;:278}\">Electronic invoicing <\/span><\/h2>\n<p><span data-contrast=\"none\">Our electronic invoicing address is:<\/span><span data-ccp-props=\"{&quot;201341983&quot;:0,&quot;335559739&quot;:160,&quot;335559740&quot;:278}\">\u00a0<\/span><\/p>\n<p>Operator: <span data-contrast=\"none\">Apix Messaging Oy (003723327487)<\/span><span data-ccp-props=\"{&quot;201341983&quot;:0,&quot;335559740&quot;:278}\">\u00a0<\/span><br \/>\nE-invoice address: <span data-contrast=\"none\">003734341815<\/span><span data-ccp-props=\"{&quot;201341983&quot;:0,&quot;335559740&quot;:278}\">\u00a0<\/span><br \/>\nEDI identifier: <span data-contrast=\"none\">003734341815<\/span><span data-ccp-props=\"{&quot;201341983&quot;:0,&quot;335559739&quot;:160,&quot;335559740&quot;:278}\">\u00a0<\/span><\/p>\n<p>Please note that if You use one of the following operators for sending the E-invoices: Danske Bank Oyj, Handelsbanken, Paikallisosuuspankki or S\u00e4\u00e4st\u00f6pankki, You need to use the following address for Apix E-invoice address:<\/p>\n<p>Operator: <span data-contrast=\"none\">DABAFIHH<\/span><br \/>\nE-invoice address: <span data-contrast=\"none\">003723327487<\/span><span data-ccp-props=\"{&quot;201341983&quot;:0,&quot;335559740&quot;:278}\">\u00a0<\/span><br \/>\nEDI identifier: <span data-contrast=\"none\">003734341815<\/span><span data-ccp-props=\"{&quot;201341983&quot;:0,&quot;335559739&quot;:160,&quot;335559740&quot;:278}\">\u00a0<\/span> <span data-ccp-props=\"{&quot;201341983&quot;:0,&quot;335559739&quot;:160,&quot;335559740&quot;:278}\">\u00a0<\/span><span data-ccp-props=\"{&quot;201341983&quot;:0,&quot;335559739&quot;:160,&quot;335559740&quot;:278}\">\u00a0<\/span><\/p>\n<h2><span data-ccp-props=\"{&quot;201341983&quot;:0,&quot;335559739&quot;:160,&quot;335559740&quot;:278}\">Invoicing by email <\/span><\/h2>\n<p>If You are currently not able to provide an electronic invoice, the invoice can be sent in pdf form to the following email address laskutus@tahkoluoto.fi<\/p>\n<p>The invoice must be attached to the email in pdf form. One email may only contain one attached invoice. If the email contains other attachments in addition to the invoice, they will be added as attachments to the invoice. The maximum size of the attachments is 2 mb. The system will send a reply indicating if the sent invoice was received successfully or unsuccessfully within 15 minutes from sending.<\/p>\n<h2><span data-ccp-props=\"{&quot;201341983&quot;:0,&quot;335559739&quot;:160,&quot;335559740&quot;:278}\">Paper invoicing<\/span><\/h2>\n<p>If electronic invoicing or invoicing by email is not possible, you can send the invoices to our invoice scanning service to following address:<\/p>\n<p>Tahkoluoto Offshore Oy (Apix skannauspalvelu)<br \/>\nPL 16112<br \/>\n00021 LASKUTUS<\/p>\n<p>For the scanning service to correctly identify the recipient of Your invoice, the above stated invoicing address should be clearly printed on the actual invoice, not only on the envelope. We also kindly ask You to note that no other material than invoices are to be sent to the above address.<\/p>\n<p>All invoices need to indicate a cost pool (provided by the subscriber) and the subscriber\u2019s name.<\/p>\n\n                    <\/div>\n                                    <\/div>\n            <\/div>\n                    <div class=\"my-4\">\n                <div class=\"AccordionTrigger bg-tahkoluoto py-8 px-16 text-white flex justify-between hover:cursor-pointer\">\n                    <h3>Information Center<\/h3>\n                    <div>\n                        <svg xmlns=\"http:\/\/www.w3.org\/2000\/svg\" fill=\"none\" viewBox=\"0 0 24 24\" stroke-width=\"1.5\" stroke=\"currentColor\" class=\"w-6 h-6\">\n  <path stroke-linecap=\"round\" stroke-linejoin=\"round\" d=\"M19.5 8.25l-7.5 7.5-7.5-7.5\" \/>\n<\/svg>\n\n                    <\/div>\n                <\/div>\n                <div class=\"AccordionContent hidden px-12 py-8\">\n                    <div class=\" \">\n                        <p>The Suomen Hy\u00f6tytuuli Information Center is located in Pori, along the Reposaari road. The center provides up-to-date information for interested groups about wind power and our wind power production. There is also a birdwatching tower, open for all visitors of the Information Center. The Information Center is open for groups by appointment.<\/p>\n<p>For more information and group reservations, please contact Tanja Kivi, phone +358 10 5251860 or opastuskeskus@arenso.fi.<\/p>\n<p>Merituulentie 1<br \/>\n28900 PORI, Finland<\/p>\n\n                    <\/div>\n                                    <\/div>\n            <\/div>\n            <\/div>\n<\/div>\n\n\n\n<div style=\"height:20px\" aria-hidden=\"true\" class=\"wp-block-spacer\"><\/div>\n\n\n\n\n<div  class=\"contact-cards lg:mx-16 wrapmb-8\">\n\t<div\n\t\tclass=\"flex flex-wrap flex-col sm:flex-row \">\n\t\t\t\t\t\t\t<div class=\"w-full sm:w-1\/2 justify-center\">\n\t\t\t\t\n<div class=\"flex border border-tahkoluoto rounded items-center mb-2 lg:ml-2 px-2 py-4 lg:py-6\">\n\t<div class=\"px-2 lg:px-6\">\n\t\t<img decoding=\"async\" class=\"object-cover rounded-full min-w-[100px] md:min-w-[130px] lg:min-w-[166px] w-[100px] md:w-[130px] lg:w-[166px] aspect-square\" alt=\"Petri Mikola\" src=\" https:\/\/arenso.fi\/app\/uploads\/sites\/3\/2024\/08\/petri-mikola.jpg \"\/>\n\t<\/div>\n\t<div class=\"flex flex-col w-full overflow-hidden\">\n\t\t<p class=\"font-bold text-tahkoluoto truncate\">Petri Mikola<\/p>\n\t\t<p class=\"truncate\">Project Director <\/p>\n\t\t<a href=\"tel:+358 40 832 9288\" class=\"p truncate\">+358 40 832 9288<\/a>\n\t\t<a href=\"mailto:petri.mikola@arenso.fi\" class=\"p truncate\">petri.mikola@arenso.fi<\/a>\n\t<\/div>\n<\/div>\n\t\t\t<\/div>\n\t\t\t\t\t<div class=\"w-full sm:w-1\/2 justify-center\">\n\t\t\t\t\n<div class=\"flex border border-tahkoluoto rounded items-center mb-2 lg:ml-2 px-2 py-4 lg:py-6\">\n\t<div class=\"px-2 lg:px-6\">\n\t\t<img decoding=\"async\" class=\"object-cover rounded-full min-w-[100px] md:min-w-[130px] lg:min-w-[166px] w-[100px] md:w-[130px] lg:w-[166px] aspect-square\" alt=\"Juho Lappalainen\" src=\" https:\/\/arenso.fi\/app\/uploads\/sites\/3\/2024\/08\/juho-lappalainen.jpg \"\/>\n\t<\/div>\n\t<div class=\"flex flex-col w-full overflow-hidden\">\n\t\t<p class=\"font-bold text-tahkoluoto truncate\">Juho Lappalainen<\/p>\n\t\t<p class=\"truncate\">Project Development Manager<\/p>\n\t\t<a href=\"tel: +358 50 560 7284\" class=\"p truncate\"> +358 50 560 7284<\/a>\n\t\t<a href=\"mailto:juho.lappalainen@arenso.fi\" class=\"p truncate\">juho.lappalainen@arenso.fi<\/a>\n\t<\/div>\n<\/div>\n\t\t\t<\/div>\n\t\t\t\t\t<div class=\"w-full sm:w-1\/2 justify-center\">\n\t\t\t\t\n<div class=\"flex border border-tahkoluoto rounded items-center mb-2 lg:ml-2 px-2 py-4 lg:py-6\">\n\t<div class=\"px-2 lg:px-6\">\n\t\t<img decoding=\"async\" class=\"object-cover rounded-full min-w-[100px] md:min-w-[130px] lg:min-w-[166px] w-[100px] md:w-[130px] lg:w-[166px] aspect-square\" alt=\"\" src=\" https:\/\/arenso.fi\/app\/uploads\/sites\/3\/2024\/08\/holttinen-esa.jpg \"\/>\n\t<\/div>\n\t<div class=\"flex flex-col w-full overflow-hidden\">\n\t\t<p class=\"font-bold text-tahkoluoto truncate\">Esa Holttinen<\/p>\n\t\t<p class=\"truncate\">Business Director  <\/p>\n\t\t<a href=\"tel:+358 40 593 8227\" class=\"p truncate\">+358 40 593 8227<\/a>\n\t\t<a href=\"mailto:esa.holttinen@arenso.fi\" class=\"p truncate\">esa.holttinen@arenso.fi<\/a>\n\t<\/div>\n<\/div>\n\t\t\t<\/div>\n\t\t\n\t\t\t<\/div>\n<\/div>\n\n\n\n<p><\/p>\n\n\n\n<p>Tahkoluoto Offshore Oy was founded in the demerger of Suomen Hy\u00f6tytuuli Oy on Sep 1, 2024. The wind farms and onshore wind energy projects of Suomen Hy\u00f6tytuuli were transferred to the new Suomen Hy\u00f6tytuuli Oy. Tahkoluoto Offshore Oy is leading the Tahkoluoto offshore wind farm Extension project. Arenso Oy delivers end-to-end wind energy services to our partners Tahkoluoto Offshore and Suomen Hy\u00f6tytuuli and their owners.<\/p>\n\n\n\n<div style=\"height:20px\" aria-hidden=\"true\" class=\"wp-block-spacer\"><\/div>\n\n\n<section class=\" my-4 sm:my-8 md:my-12 xl:my-20\" >\n\t\t\t<div class=\"FiftyFiftyImage relative flex justify-between bg-tahkoluoto-light flex-col-reverse lg:flex-row-reverse\">\n\t\t\t<div class=\"w-full aspect-[7\/5] lg:w-1\/2 p-4 sm:p-8 md:p-12  lg:px-12 lg:pt-14 \">\n\t\t\t\t\t\t\t\t\t\t\t\t<h2 class=\"Title flex flex-col justify-start mb-4 text-tahkoluoto\">\n\t\t\t\t\t\tInterested in working in the wind energy sector?\n\t\t\t\t\t<\/h2>\n\t\t\t\t\t\t\t\t\t\t\t\t\t<div class=\"flex flex-col text-tahkoluoto justify-center \">\n\t\t\t\t\t\t\t\t\t\t\t\t\t<p>For career opportunities at the Tahkoluoto offshore wind farm Extension project, contact our partner Arenso Oy.<\/p>\n\n\t\t\t\t\t\t\t\t\t\t\t\t\t\t\t\t\t\t\t<div class=\"flex mt-6\">\n\t\t\t\t\t\t\t\t\n<a\nhref=\"https:\/www.arenso.fi\/en\/careers\"\nalt=\"\"\ntarget=\"_blank\"\nclass=\"button relative flex mt-3 mr-2 px-7 py-4 items-center rounded-full text-tahkoluoto border border-tahkoluoto bg-hover:bg-white hover:text-link-hover hover:border-link-hover\">\n    <span class=\"p pr-2\">Careers<\/span>\n    <div class=\"\"><svg xmlns=\"http:\/\/www.w3.org\/2000\/svg\" fill=\"none\" viewBox=\"0 0 24 24\" stroke-width=\"1.5\" stroke=\"currentColor\" class=\"w-6 h-6\">\n  <path stroke-linecap=\"round\" stroke-linejoin=\"round\" d=\"M17.25 8.25 21 12m0 0-3.75 3.75M21 12H3\" \/>\n<\/svg>\n<\/div>\n<\/a>\n\t\t\t\t\t\t\t<\/div>\n\t\t\t\t\t\t\t\t\t\t\t<\/div>\n\t\t\t\t\t\t\t\t\t\t<\/div>\n\t\t\t\t\t\t\t<div class=\" self-stretch justify-self-stretch w-full lg:w-1\/2 relative flex justify-center lg:justify-start\">\n\t\t\t\t\t<img decoding=\"async\" loading=\"lazy\" class=\"object-cover h-full w-full aspect-[7\/5]\"  srcset=\"\n\t\t\t\t\t\t\t\t\t\t\thttps:\/\/arenso.fi\/app\/uploads\/sites\/3\/2024\/08\/Tahkoluoto-Offshore-hero-150x150.jpg 150w,\n\t\t\t\t\t\t\t\t\t\t\thttps:\/\/arenso.fi\/app\/uploads\/sites\/3\/2024\/08\/Tahkoluoto-Offshore-hero-300x125.jpg 300w,\n\t\t\t\t\t\t\t\t\t\t\thttps:\/\/arenso.fi\/app\/uploads\/sites\/3\/2024\/08\/Tahkoluoto-Offshore-hero-768x320.jpg 768w,\n\t\t\t\t\t\t\t\t\t\t\thttps:\/\/arenso.fi\/app\/uploads\/sites\/3\/2024\/08\/Tahkoluoto-Offshore-hero-1024x427.jpg 1024w,\n\t\t\t\t\t\t\t\t\t\t\thttps:\/\/arenso.fi\/app\/uploads\/sites\/3\/2024\/08\/Tahkoluoto-Offshore-hero.jpg 1920w,\n\t\t\t\t\t\t\t\t\t\t    \"  src=\"https:\/\/arenso.fi\/app\/uploads\/sites\/3\/2024\/08\/Tahkoluoto-Offshore-hero-768x320.jpg\"\/>\n\t\t\t\t<\/div>\n\t\t\t\t\t<\/div>\n\t<\/section>\n\n\n\n<div style=\"height:50px\" aria-hidden=\"true\" class=\"wp-block-spacer\"><\/div>\n","protected":false},"excerpt":{"rendered":"<p>Tahkoluoto Offshore Oy PL 305, 28601 PoriVisiting address Lautantekij\u00e4ntie 60, 28880 PoriSwitchboard: +358 10&nbsp;525 1860Our e-mail addresses are in the format:firstname.lastname@arenso.fi Tahkoluoto Offshore Oy was founded in the demerger of Suomen Hy\u00f6tytuuli Oy on Sep 1, 2024. The wind farms and onshore wind energy projects of Suomen Hy\u00f6tytuuli were transferred to the new Suomen Hy\u00f6tytuuli [&hellip;]<\/p>\n","protected":false},"author":1,"featured_media":0,"parent":0,"menu_order":0,"comment_status":"closed","ping_status":"closed","template":"","meta":{"_acf_changed":false,"footnotes":""},"class_list":["post-641","page","type-page","status-publish","hentry"],"acf":[],"yoast_head":"<!-- This site is optimized with the Yoast SEO plugin v27.3 - https:\/\/yoast.com\/product\/yoast-seo-wordpress\/ -->\n<title>Contact - Tahkoluoto Offshore<\/title>\n<meta name=\"description\" content=\"Tahkoluoto Offshore Oy contact information, billing address and career opportunities.\" \/>\n<meta name=\"robots\" content=\"index, follow, max-snippet:-1, max-image-preview:large, max-video-preview:-1\" \/>\n<link rel=\"canonical\" href=\"https:\/\/tahkoluoto-offshore.fi\/en\/contact\/\" \/>\n<meta property=\"og:locale\" content=\"en_US\" \/>\n<meta property=\"og:type\" content=\"article\" \/>\n<meta property=\"og:title\" content=\"Contact - Tahkoluoto Offshore\" \/>\n<meta property=\"og:description\" content=\"Tahkoluoto Offshore Oy contact information, billing address and career opportunities.\" \/>\n<meta property=\"og:url\" content=\"https:\/\/tahkoluoto-offshore.fi\/en\/contact\/\" \/>\n<meta property=\"og:site_name\" content=\"Tahkoluoto Offshore\" \/>\n<meta property=\"article:modified_time\" content=\"2025-06-10T10:11:03+00:00\" \/>\n<meta name=\"twitter:card\" content=\"summary_large_image\" \/>\n<meta name=\"twitter:label1\" content=\"Est. reading time\" \/>\n\t<meta name=\"twitter:data1\" content=\"1 minute\" \/>\n<script type=\"application\/ld+json\" class=\"yoast-schema-graph\">{\"@context\":\"https:\\\/\\\/schema.org\",\"@graph\":[{\"@type\":\"WebPage\",\"@id\":\"https:\\\/\\\/tahkoluoto-offshore.fi\\\/en\\\/contact\\\/\",\"url\":\"https:\\\/\\\/tahkoluoto-offshore.fi\\\/en\\\/contact\\\/\",\"name\":\"Contact - Tahkoluoto Offshore\",\"isPartOf\":{\"@id\":\"https:\\\/\\\/tahkoluoto-offshore.fi\\\/en\\\/#website\"},\"datePublished\":\"2024-08-21T07:09:00+00:00\",\"dateModified\":\"2025-06-10T10:11:03+00:00\",\"description\":\"Tahkoluoto Offshore Oy contact information, billing address and career opportunities.\",\"breadcrumb\":{\"@id\":\"https:\\\/\\\/tahkoluoto-offshore.fi\\\/en\\\/contact\\\/#breadcrumb\"},\"inLanguage\":\"en-US\",\"potentialAction\":[{\"@type\":\"ReadAction\",\"target\":[\"https:\\\/\\\/tahkoluoto-offshore.fi\\\/en\\\/contact\\\/\"]}]},{\"@type\":\"BreadcrumbList\",\"@id\":\"https:\\\/\\\/tahkoluoto-offshore.fi\\\/en\\\/contact\\\/#breadcrumb\",\"itemListElement\":[{\"@type\":\"ListItem\",\"position\":1,\"name\":\"Home\",\"item\":\"https:\\\/\\\/tahkoluoto-offshore.fi\\\/en\\\/\"},{\"@type\":\"ListItem\",\"position\":2,\"name\":\"Contact\"}]},{\"@type\":\"WebSite\",\"@id\":\"https:\\\/\\\/tahkoluoto-offshore.fi\\\/en\\\/#website\",\"url\":\"https:\\\/\\\/tahkoluoto-offshore.fi\\\/en\\\/\",\"name\":\"Tahkoluoto Offshore\",\"description\":\"\",\"publisher\":{\"@id\":\"https:\\\/\\\/tahkoluoto-offshore.fi\\\/en\\\/#organization\"},\"potentialAction\":[{\"@type\":\"SearchAction\",\"target\":{\"@type\":\"EntryPoint\",\"urlTemplate\":\"https:\\\/\\\/tahkoluoto-offshore.fi\\\/en\\\/?s={search_term_string}\"},\"query-input\":{\"@type\":\"PropertyValueSpecification\",\"valueRequired\":true,\"valueName\":\"search_term_string\"}}],\"inLanguage\":\"en-US\"},{\"@type\":\"Organization\",\"@id\":\"https:\\\/\\\/tahkoluoto-offshore.fi\\\/en\\\/#organization\",\"name\":\"Tahkoluoto Offshore\",\"url\":\"https:\\\/\\\/tahkoluoto-offshore.fi\\\/en\\\/\",\"logo\":{\"@type\":\"ImageObject\",\"inLanguage\":\"en-US\",\"@id\":\"https:\\\/\\\/tahkoluoto-offshore.fi\\\/en\\\/#\\\/schema\\\/logo\\\/image\\\/\",\"url\":\"https:\\\/\\\/hyotytuuli.fi\\\/app\\\/uploads\\\/sites\\\/3\\\/2024\\\/08\\\/Tahkoluoto-Offshore.png\",\"contentUrl\":\"https:\\\/\\\/hyotytuuli.fi\\\/app\\\/uploads\\\/sites\\\/3\\\/2024\\\/08\\\/Tahkoluoto-Offshore.png\",\"width\":1280,\"height\":225,\"caption\":\"Tahkoluoto Offshore\"},\"image\":{\"@id\":\"https:\\\/\\\/tahkoluoto-offshore.fi\\\/en\\\/#\\\/schema\\\/logo\\\/image\\\/\"}}]}<\/script>\n<!-- \/ Yoast SEO plugin. -->","yoast_head_json":{"title":"Contact - Tahkoluoto Offshore","description":"Tahkoluoto Offshore Oy contact information, billing address and career opportunities.","robots":{"index":"index","follow":"follow","max-snippet":"max-snippet:-1","max-image-preview":"max-image-preview:large","max-video-preview":"max-video-preview:-1"},"canonical":"https:\/\/tahkoluoto-offshore.fi\/en\/contact\/","og_locale":"en_US","og_type":"article","og_title":"Contact - Tahkoluoto Offshore","og_description":"Tahkoluoto Offshore Oy contact information, billing address and career opportunities.","og_url":"https:\/\/tahkoluoto-offshore.fi\/en\/contact\/","og_site_name":"Tahkoluoto Offshore","article_modified_time":"2025-06-10T10:11:03+00:00","twitter_card":"summary_large_image","twitter_misc":{"Est. reading time":"1 minute"},"schema":{"@context":"https:\/\/schema.org","@graph":[{"@type":"WebPage","@id":"https:\/\/tahkoluoto-offshore.fi\/en\/contact\/","url":"https:\/\/tahkoluoto-offshore.fi\/en\/contact\/","name":"Contact - Tahkoluoto Offshore","isPartOf":{"@id":"https:\/\/tahkoluoto-offshore.fi\/en\/#website"},"datePublished":"2024-08-21T07:09:00+00:00","dateModified":"2025-06-10T10:11:03+00:00","description":"Tahkoluoto Offshore Oy contact information, billing address and career opportunities.","breadcrumb":{"@id":"https:\/\/tahkoluoto-offshore.fi\/en\/contact\/#breadcrumb"},"inLanguage":"en-US","potentialAction":[{"@type":"ReadAction","target":["https:\/\/tahkoluoto-offshore.fi\/en\/contact\/"]}]},{"@type":"BreadcrumbList","@id":"https:\/\/tahkoluoto-offshore.fi\/en\/contact\/#breadcrumb","itemListElement":[{"@type":"ListItem","position":1,"name":"Home","item":"https:\/\/tahkoluoto-offshore.fi\/en\/"},{"@type":"ListItem","position":2,"name":"Contact"}]},{"@type":"WebSite","@id":"https:\/\/tahkoluoto-offshore.fi\/en\/#website","url":"https:\/\/tahkoluoto-offshore.fi\/en\/","name":"Tahkoluoto Offshore","description":"","publisher":{"@id":"https:\/\/tahkoluoto-offshore.fi\/en\/#organization"},"potentialAction":[{"@type":"SearchAction","target":{"@type":"EntryPoint","urlTemplate":"https:\/\/tahkoluoto-offshore.fi\/en\/?s={search_term_string}"},"query-input":{"@type":"PropertyValueSpecification","valueRequired":true,"valueName":"search_term_string"}}],"inLanguage":"en-US"},{"@type":"Organization","@id":"https:\/\/tahkoluoto-offshore.fi\/en\/#organization","name":"Tahkoluoto Offshore","url":"https:\/\/tahkoluoto-offshore.fi\/en\/","logo":{"@type":"ImageObject","inLanguage":"en-US","@id":"https:\/\/tahkoluoto-offshore.fi\/en\/#\/schema\/logo\/image\/","url":"https:\/\/hyotytuuli.fi\/app\/uploads\/sites\/3\/2024\/08\/Tahkoluoto-Offshore.png","contentUrl":"https:\/\/hyotytuuli.fi\/app\/uploads\/sites\/3\/2024\/08\/Tahkoluoto-Offshore.png","width":1280,"height":225,"caption":"Tahkoluoto Offshore"},"image":{"@id":"https:\/\/tahkoluoto-offshore.fi\/en\/#\/schema\/logo\/image\/"}}]}},"_links":{"self":[{"href":"https:\/\/tahkoluoto-offshore.fi\/en\/wp-json\/wp\/v2\/pages\/641","targetHints":{"allow":["GET"]}}],"collection":[{"href":"https:\/\/tahkoluoto-offshore.fi\/en\/wp-json\/wp\/v2\/pages"}],"about":[{"href":"https:\/\/tahkoluoto-offshore.fi\/en\/wp-json\/wp\/v2\/types\/page"}],"author":[{"embeddable":true,"href":"https:\/\/tahkoluoto-offshore.fi\/en\/wp-json\/wp\/v2\/users\/1"}],"replies":[{"embeddable":true,"href":"https:\/\/tahkoluoto-offshore.fi\/en\/wp-json\/wp\/v2\/comments?post=641"}],"version-history":[{"count":11,"href":"https:\/\/tahkoluoto-offshore.fi\/en\/wp-json\/wp\/v2\/pages\/641\/revisions"}],"predecessor-version":[{"id":1041,"href":"https:\/\/tahkoluoto-offshore.fi\/en\/wp-json\/wp\/v2\/pages\/641\/revisions\/1041"}],"wp:attachment":[{"href":"https:\/\/tahkoluoto-offshore.fi\/en\/wp-json\/wp\/v2\/media?parent=641"}],"curies":[{"name":"wp","href":"https:\/\/api.w.org\/{rel}","templated":true}]}}